{"id":335,"date":"2025-04-04T00:39:19","date_gmt":"2025-04-03T23:39:19","guid":{"rendered":"https:\/\/izzysboatcharter.com\/contacts\/"},"modified":"2025-10-20T12:34:21","modified_gmt":"2025-10-20T11:34:21","slug":"contactos","status":"publish","type":"page","link":"https:\/\/izzysboatcharter.com\/pt-pt\/contactos\/","title":{"rendered":"Contactos"},"content":{"rendered":"\n<h1>\n\t\t\tCONTACTOS\t<\/h1>\n\t<p>Explore a extraordin\u00e1ria beleza do Algarve com a Izzy&#8217;s Boat Charter, a escolha ideal para <strong>tours de barco inesquec\u00edveis e charters exclusivos<\/strong> em Vilamoura, Albufeira e arredores. Quer pretenda visitar as mundialmente famosas <strong>Grutas de Benagil<\/strong>, desfrutar de um cruzeiro panor\u00e2mico ao longo de <strong>fal\u00e9sias imponentes<\/strong> e <strong>enseadas secretas<\/strong>, ou viver a emo\u00e7\u00e3o de atividades \u00fanicas a bordo, oferecemos uma experi\u00eancia incompar\u00e1vel.<\/p>\n<p>Descubra os encantos do Algarve e aproveite momentos memor\u00e1veis com <strong>passeios personalizados<\/strong>, navegando em \u00e1guas cristalinas e contemplando praias de areia dourada e a vibrante vida marinha da regi\u00e3o. Com a Izzy&#8217;s Boat Charter, cada aventura \u00e9 criada para garantir relaxamento, descoberta e pura divers\u00e3o. Reserve j\u00e1 o seu tour e maravilhe-se com os segredos da costa algarvia!<\/p>\n\t\n<div class=\"wpcf7 no-js\" id=\"wpcf7-f4217-o1\" lang=\"pt-PT\" dir=\"ltr\" data-wpcf7-id=\"4217\">\n<div class=\"screen-reader-response\"><p role=\"status\" aria-live=\"polite\" aria-atomic=\"true\"><\/p> <ul><\/ul><\/div>\n<form action=\"\/pt-pt\/wp-json\/wp\/v2\/pages\/335#wpcf7-f4217-o1\" method=\"post\" class=\"wpcf7-form init\" aria-label=\"Formul\u00e1rio de contacto\" novalidate=\"novalidate\" data-status=\"init\">\n<fieldset class=\"hidden-fields-container\"><input type=\"hidden\" name=\"_wpcf7\" value=\"4217\" \/><input type=\"hidden\" name=\"_wpcf7_version\" value=\"6.1.5\" \/><input type=\"hidden\" name=\"_wpcf7_locale\" value=\"pt_PT\" \/><input type=\"hidden\" name=\"_wpcf7_unit_tag\" value=\"wpcf7-f4217-o1\" \/><input type=\"hidden\" name=\"_wpcf7_container_post\" value=\"0\" \/><input type=\"hidden\" name=\"_wpcf7_posted_data_hash\" value=\"\" \/><input type=\"hidden\" name=\"_wpcf7_recaptcha_response\" value=\"\" \/>\n<\/fieldset>\n<p><span class=\"wpcf7-form-control-wrap\" data-name=\"your-name\"><input size=\"40\" maxlength=\"400\" class=\"wpcf7-form-control wpcf7-text wpcf7-validates-as-required\" autocomplete=\"name\" aria-required=\"true\" aria-invalid=\"false\" placeholder=\"Name\" value=\"\" type=\"text\" name=\"your-name\" \/><\/span>\n<\/p>\n<p><span class=\"wpcf7-form-control-wrap\" data-name=\"your-email\"><input size=\"40\" maxlength=\"400\" class=\"wpcf7-form-control wpcf7-email wpcf7-validates-as-required wpcf7-text wpcf7-validates-as-email\" autocomplete=\"email\" aria-required=\"true\" aria-invalid=\"false\" placeholder=\"Email\" value=\"\" type=\"email\" name=\"your-email\" \/><\/span>\n<\/p>\n<p><span class=\"wpcf7-form-control-wrap\" data-name=\"your-phone\"><input size=\"40\" maxlength=\"400\" class=\"wpcf7-form-control wpcf7-text wpcf7-validates-as-required\" autocomplete=\"name\" aria-required=\"true\" aria-invalid=\"false\" placeholder=\"Phone Number\" value=\"\" type=\"text\" name=\"your-phone\" \/><\/span>\n<\/p>\n<p><span class=\"wpcf7-form-control-wrap\" data-name=\"your-subject\"><input size=\"40\" maxlength=\"400\" class=\"wpcf7-form-control wpcf7-text\" aria-invalid=\"false\" placeholder=\"How can we help you?\" value=\"\" type=\"text\" name=\"your-subject\" \/><\/span>\n<\/p>\n<p><span class=\"wpcf7-form-control-wrap\" data-name=\"textarea-266\"><textarea cols=\"40\" rows=\"10\" maxlength=\"2000\" class=\"wpcf7-form-control wpcf7-textarea\" aria-invalid=\"false\" placeholder=\"Message\" name=\"textarea-266\"><\/textarea><\/span>\n<\/p>\n<p><span class=\"wpcf7-form-control-wrap\" data-name=\"source_enquiry\"><select class=\"wpcf7-form-control wpcf7-select\" aria-invalid=\"false\" name=\"source_enquiry\"><option value=\"How did you hear about us?\">How did you hear about us?<\/option><option value=\"Izzy\u2019s Restaurant\">Izzy\u2019s Restaurant<\/option><option value=\"Social Media (Instagram \/ Facebook)\">Social Media (Instagram \/ Facebook)<\/option><option value=\"Google \/ Website\">Google \/ Website<\/option><option value=\"Flyer\">Flyer<\/option><option value=\"Sunseeker\">Sunseeker<\/option><option value=\"James Charter\">James Charter<\/option><option value=\"Kiss FM\">Kiss FM<\/option><option value=\"Others\">Others<\/option><\/select><\/span>\n<\/p>\n<p><span class=\"wpcf7-form-control-wrap\" data-name=\"accept-terms\"><span class=\"wpcf7-form-control wpcf7-acceptance\"><span class=\"wpcf7-list-item\"><label><input type=\"checkbox\" name=\"accept-terms\" value=\"1\" aria-invalid=\"false\" \/><span class=\"wpcf7-list-item-label\">I agree to provide my personal data and confirm that I have read and agree to the  <a href=\"https:\/\/izzysboatcharter.com\/privacy-policy\/\">Privacy Policy<\/a>.<\/span><\/label><\/span><\/span><\/span>\n<\/p>\n<p><input class=\"wpcf7-form-control wpcf7-submit has-spinner\" type=\"submit\" value=\"Submit\" \/>\n<\/p><div class=\"wpcf7-response-output\" aria-hidden=\"true\"><\/div>\n<\/form>\n<\/div>\n\n\t<img decoding=\"async\" src=\"https:\/\/izzysboatcharter.com\/wp-content\/uploads\/2025\/04\/qr_code_cyan.jpg\" alt=\"\" width=\"125\" height=\"auto\" \/><img loading=\"lazy\" decoding=\"async\" src=\"https:\/\/izzysboatcharter.com\/wp-content\/uploads\/2025\/04\/whatsapp_number.jpg\" alt=\"Whatsapp Number\" width=\"59\" height=\"54\" \/><a href=\"tel:+351926558274\">+351 926558274 *<\/a><br \/>\n* Chamada para rede m\u00f3vel nacional<br \/>\n&nbsp;\n<img loading=\"lazy\" decoding=\"async\" src=\"https:\/\/izzysboatcharter.com\/wp-content\/uploads\/2025\/04\/qr_code_map.jpg\" alt=\"Map Marina Vilamoura Address\" width=\"138\" height=\"132\" \/><br \/>\n<a href=\"https:\/\/g.co\/kgs\/7XDHYEf\" target=\"_blank\" rel=\"noopener\"><strong>Dire\u00e7\u00f5es GPS<\/strong><\/a>\nEmbarque &amp; Desembarque:<br \/>\nMarina de Vilamoura\n\t<iframe src=\"https:\/\/www.google.com\/maps\/embed?pb=!1m18!1m12!1m3!1d2675.6636354382786!2d-8.123068795493236!3d37.07687293421701!2m3!1f0!2f0!3f0!3m2!1i1024!2i768!4f13.1!3m3!1m2!1s0xd1ab5919ae8954f%3A0xe5bba8d3faae6c95!2sMarina%20de%20Vilamoura%2C%208125-507%20Quarteira!5e0!3m2!1sen!2spt!4v1743984200671!5m2!1sen!2spt\" width=\"100%\" height=\"450\" allowfullscreen=\"\" loading=\"lazy\" referrerpolicy=\"no-referrer-when-downgrade\"><\/iframe>\n\t\u00a9 2025<br \/>\nRNAAT 1321\/2023<br \/>\n<a href=\"https:\/\/www.livroreclamacoes.pt\/Inicio\/\">Livro de Reclama\u00e7\u00f5es<\/a><br \/>\n<a href=\"https:\/\/izzysboatcharter.com\/privacy-policy\/\">Pol\u00edtica de Privacidade<\/a><br \/>\n<a href=\"#\">Website by Izzy&#8217;s<\/a>\n\t\t\t\t<img decoding=\"async\" src=\"https:\/\/izzysboatcharter.com\/wp-content\/uploads\/2025\/04\/izzys-boat-tours-vilamoura-algarve.svg\" alt=\"izzys boat tours vilamoura algarve\" itemprop=\"image\" height=\"159\" width=\"538\" title=\"izzys boat tours vilamoura algarve\" onerror=\"this.style.display='none'\" loading=\"lazy\" \/>\n\t<p>* Chamada para rede m\u00f3vel nacional<\/p>\n\n","protected":false},"excerpt":{"rendered":"<p>CONTACTOS Explore a extraordin\u00e1ria beleza do Algarve com a Izzy&#8217;s Boat Charter, a escolha ideal para tours de barco inesquec\u00edveis e charters exclusivos em Vilamoura, Albufeira e arredores. Quer pretenda visitar as mundialmente famosas Grutas de Benagil, desfrutar de um cruzeiro panor\u00e2mico ao longo de fal\u00e9sias imponentes e enseadas secretas, ou viver a emo\u00e7\u00e3o de&hellip;<\/p>\n","protected":false},"author":1,"featured_media":0,"parent":0,"menu_order":0,"comment_status":"closed","ping_status":"closed","template":"","meta":{"_seopress_robots_primary_cat":"","_seopress_titles_title":"","_seopress_titles_desc":"","_seopress_robots_index":"","_joinchat":[],"footnotes":""},"class_list":["post-335","page","type-page","status-publish","hentry"],"_links":{"self":[{"href":"https:\/\/izzysboatcharter.com\/pt-pt\/wp-json\/wp\/v2\/pages\/335","targetHints":{"allow":["GET"]}}],"collection":[{"href":"https:\/\/izzysboatcharter.com\/pt-pt\/wp-json\/wp\/v2\/pages"}],"about":[{"href":"https:\/\/izzysboatcharter.com\/pt-pt\/wp-json\/wp\/v2\/types\/page"}],"author":[{"embeddable":true,"href":"https:\/\/izzysboatcharter.com\/pt-pt\/wp-json\/wp\/v2\/users\/1"}],"replies":[{"embeddable":true,"href":"https:\/\/izzysboatcharter.com\/pt-pt\/wp-json\/wp\/v2\/comments?post=335"}],"version-history":[{"count":4,"href":"https:\/\/izzysboatcharter.com\/pt-pt\/wp-json\/wp\/v2\/pages\/335\/revisions"}],"predecessor-version":[{"id":4206,"href":"https:\/\/izzysboatcharter.com\/pt-pt\/wp-json\/wp\/v2\/pages\/335\/revisions\/4206"}],"wp:attachment":[{"href":"https:\/\/izzysboatcharter.com\/pt-pt\/wp-json\/wp\/v2\/media?parent=335"}],"curies":[{"name":"wp","href":"https:\/\/api.w.org\/{rel}","templated":true}]}}