{"id":339,"date":"2025-04-03T23:18:17","date_gmt":"2025-04-03T22:18:17","guid":{"rendered":"https:\/\/izzysboatcharter.com\/algarve\/"},"modified":"2025-04-21T04:25:56","modified_gmt":"2025-04-21T03:25:56","slug":"algarve","status":"publish","type":"page","link":"https:\/\/izzysboatcharter.com\/pt-pt\/algarve\/","title":{"rendered":"Algarve"},"content":{"rendered":"\n<h1>\n\t\tALGARVE, PORTUGAL\n\t<\/h1>\n<h2>\n\t\tEXPLORE A DESLUMBRANTE COSTA ATL\u00c2NTICA DO ALGARVE\n\t<\/h2>\n\tEmbarque num passeio mar\u00edtimo como nenhum outro e explore a deslumbrante Costa Algarvia a partir da \u00e1gua &#8211; onde praias douradas, fal\u00e9sias dram\u00e1ticas e<br \/>\nenseadas escondidas criam um cen\u00e1rio de cortar a respira\u00e7\u00e3o para uma aventura inesquec\u00edvel. Quer esteja \u00e0 procura de uma beleza serena ou de uma explora\u00e7\u00e3o emocionante,<br \/>\na costa algarvia oferece uma abund\u00e2ncia de maravilhas naturais, apenas acess\u00edveis por barco.<br \/>\nComece a sua viagem nas ic\u00f3nicas Grutas de Benagil, uma rede espetacular de grutas marinhas formadas por s\u00e9culos de eros\u00e3o das ondas. Navegue pelas \u00e1guas cristalinas, maravilhando-se com as imponentes fal\u00e9sias e com a ic\u00f3nica gruta do benagil em forma de c\u00fapula que \u00e9 um dos locais mais fotografados do Algarve.\n<h2>\n\t\tGRUTA DO BENAGIL\n\t<\/h2>\n<h2>\n\t\tA L B U F E I R A &#8211; BALAIA\n\t<\/h2>\n\t<strong data-start=\"192\" data-end=\"267\">Descubra o Algarve de uma forma \u00fanica &#8211; a bordo de um barco s\u00f3 para si.<\/strong>\nDeixe-se levar pelas \u00e1guas serenas e cristalinas da costa algarvia, num passeio privado que revela o lado mais aut\u00eantico e encantador da costa algarvia, descubra as vilas de Albufeira e Carvoeiro, com o seu charme intocado e fal\u00e9sias douradas, s\u00e3o o cen\u00e1rio perfeito para momentos verdadeiramente inesquec\u00edveis.\nImagine-se a navegar ao seu ritmo, longe das multid\u00f5es, com total liberdade para mergulhar em enseadas secretas, explorar grutas escondidas como a famosa gruta de Benagil, ou simplesmente relaxar no conv\u00e9s com uma bebida fresca na m\u00e3o, sentindo o sol a aquecer-lhe a pele.\nEste n\u00e3o \u00e9 apenas um passeio &#8211; \u00e9 uma experi\u00eancia feita \u00e0 sua medida. Ideal para casais, fam\u00edlias ou pequenos grupos que procuram exclusividade, conforto e o melhor que o Algarve tem para oferecer.\n<strong data-start=\"1044\" data-end=\"1118\">Reserve agora o seu passeio privado e viva o Algarve como nunca antes.<\/strong><br data-start=\"1118\" data-end=\"1121\" \/>Porque h\u00e1 lugares que s\u00f3 se descobrem ao ritmo do mar.\n\t\t\t<a href=\"https:\/\/izzysboatcharter.com\/pt-pt\/vilamoura-passeios-de-barco-izzys\/\" target=\"_self\">\n\t\t\t\t\t\t\tReservar\n\t\t\t\t\t<\/a>\n<h2>\n\t\t F A L \u00c9 S I A\n\t<\/h2>\n<h2>\n\t\tFARO ILHAS &#8211; FAROL\n\t<\/h2>\n<h2>\n\t\tDescubra os tesouros escondidos das Ilhas de Faro, um ref\u00fagio encantador no Algarve onde a beleza natural atinge o seu auge e os ecossistemas \u00fanicos surpreendem a cada instante.\n\t<\/h2>\n\tSituadas no deslumbrante<strong> Parque Natural da Ria Formosa<\/strong>, estas ilhas paradis\u00edacas &#8211; como a <strong>Ilha do Farol e a Ilha da Culatra<\/strong> &#8211; proporcionam uma escapadinha inesquec\u00edvel ao cora\u00e7\u00e3o do litoral mais aut\u00eantico do sul de Portugal.\nEmbarque com a <strong data-start=\"536\" data-end=\"559\">Izzy&#8217;s Boat Charter<\/strong> para uma experi\u00eancia verdadeiramente exclusiva. Navegue por \u00e1guas cristalinas, explore praias isoladas e mergulhe na tranquilidade e charme intocado destas ilhas serenas. Ao longo do percurso, deslumbre-se com a vida marinha vibrante e as paisagens preservadas deste que \u00e9 um dos ambientes mais puros e impressionantes do Algarve.\n<strong data-start=\"892\" data-end=\"966\">Uma experi\u00eancia privada, sofisticada e memor\u00e1vel &#8211; feita \u00e0 sua medida.<\/strong>\n\t\t\t<a href=\"https:\/\/izzysboatcharter.com\/pt-pt\/vilamoura-passeios-de-barco-izzys\/\" target=\"_self\">\n\t\t\t\t\t\t\tReservar\n\t\t\t\t\t<\/a>\n<h2>\n\t\tMARINA DE VILAMOURA\n\t<\/h2>\n\t\u00a9 2025<br \/>\nRNAAT 1321\/2023<br \/>\n<a href=\"https:\/\/www.livroreclamacoes.pt\/Inicio\/\">Livro de Reclama\u00e7\u00f5es<\/a><br \/>\n<a href=\"https:\/\/izzysboatcharter.com\/privacy-policy\/\">Pol\u00edtica de Privacidade<\/a><br \/>\n<a href=\"#\">Website by Izzy&#8217;s<\/a>\n\t\t\t\t<img loading=\"lazy\" decoding=\"async\" src=\"https:\/\/izzysboatcharter.com\/wp-content\/uploads\/2025\/04\/izzys-boat-tours-vilamoura-algarve.svg\" alt=\"izzys boat tours vilamoura algarve\" itemprop=\"image\" height=\"159\" width=\"538\" title=\"izzys boat tours vilamoura algarve\" onerror=\"this.style.display='none'\"  \/>\n\n","protected":false},"excerpt":{"rendered":"<p>ALGARVE, PORTUGAL EXPLORE A DESLUMBRANTE COSTA ATL\u00c2NTICA DO ALGARVE Embarque num passeio mar\u00edtimo como nenhum outro e explore a deslumbrante Costa Algarvia a partir da \u00e1gua &#8211; onde praias douradas, fal\u00e9sias dram\u00e1ticas e enseadas escondidas criam um cen\u00e1rio de cortar a respira\u00e7\u00e3o para uma aventura inesquec\u00edvel. Quer esteja \u00e0 procura de uma beleza serena ou&hellip;<\/p>\n","protected":false},"author":1,"featured_media":0,"parent":0,"menu_order":0,"comment_status":"closed","ping_status":"closed","template":"","meta":{"_seopress_robots_primary_cat":"","_seopress_titles_title":"","_seopress_titles_desc":"","_seopress_robots_index":"","_joinchat":[],"footnotes":""},"class_list":["post-339","page","type-page","status-publish","hentry"],"_links":{"self":[{"href":"https:\/\/izzysboatcharter.com\/pt-pt\/wp-json\/wp\/v2\/pages\/339","targetHints":{"allow":["GET"]}}],"collection":[{"href":"https:\/\/izzysboatcharter.com\/pt-pt\/wp-json\/wp\/v2\/pages"}],"about":[{"href":"https:\/\/izzysboatcharter.com\/pt-pt\/wp-json\/wp\/v2\/types\/page"}],"author":[{"embeddable":true,"href":"https:\/\/izzysboatcharter.com\/pt-pt\/wp-json\/wp\/v2\/users\/1"}],"replies":[{"embeddable":true,"href":"https:\/\/izzysboatcharter.com\/pt-pt\/wp-json\/wp\/v2\/comments?post=339"}],"version-history":[{"count":7,"href":"https:\/\/izzysboatcharter.com\/pt-pt\/wp-json\/wp\/v2\/pages\/339\/revisions"}],"predecessor-version":[{"id":539,"href":"https:\/\/izzysboatcharter.com\/pt-pt\/wp-json\/wp\/v2\/pages\/339\/revisions\/539"}],"wp:attachment":[{"href":"https:\/\/izzysboatcharter.com\/pt-pt\/wp-json\/wp\/v2\/media?parent=339"}],"curies":[{"name":"wp","href":"https:\/\/api.w.org\/{rel}","templated":true}]}}