{"id":346,"date":"2025-04-03T08:59:11","date_gmt":"2025-04-03T08:59:11","guid":{"rendered":"https:\/\/izzysboatcharter.com\/our-boat\/"},"modified":"2025-04-10T00:12:21","modified_gmt":"2025-04-10T00:12:21","slug":"barco-izzys","status":"publish","type":"page","link":"https:\/\/izzysboatcharter.com\/pt-pt\/barco-izzys\/","title":{"rendered":"Our Boat"},"content":{"rendered":"\n<h2>\n\t\tUm Barco Moderno e Luxuoso.\n\t<\/h2>\n\t<p>Com linhas elegantes e um perfil inconfund\u00edvel, esta embarca\u00e7\u00e3o de \u00faltima gera\u00e7\u00e3o destaca-se pelo seu teto solar estendido, que oferece sombra generosa sem comprometer a sensa\u00e7\u00e3o de liberdade ao ar livre &#8211; perfeita para dias de sol nas \u00e1guas do Algarve.<\/p>\n<p>O conv\u00e9s espa\u00e7oso e o layout inteligente permitem uma circula\u00e7\u00e3o flu\u00edda e convidam tanto ao relaxamento como \u00e0 conviv\u00eancia. Com capacidade confort\u00e1vel para at\u00e9 8 pessoas, a bordo encontrar\u00e1 sof\u00e1s amplos, duas \u00e1reas de sol\u00e1rio, uma zona de refei\u00e7\u00f5es, uma casa de banho totalmente equipada e uma plataforma de mergulho para acesso f\u00e1cil ao mar.<\/p>\n<p>A cabine oferece um ref\u00fagio acolhedor e funcional, ideal para guardar pertences ou simplesmente desfrutar de um momento de descanso. Tudo foi pensado para que possa desfrutar ao m\u00e1ximo da sua experi\u00eancia a bordo, com o equil\u00edbrio perfeito entre luxo e descontra\u00e7\u00e3o.<\/p>\n<p>Equipada com dois motores fora de borda de alta performance, a Axopar 37 ST garante uma navega\u00e7\u00e3o r\u00e1pida, \u00e1gil e extremamente suave, mesmo em mar aberto.<\/p>\n<h2>\n\t\tAcess\u00f3rios e Divers\u00e3o a Bordo\n\t<\/h2>\n<h2>\n\t\tCaiaque duplo, Prancha de Padel, snorkeling , Scooter subaqu\u00e1tico.\n\t<\/h2>\n\t\t\t\t<img loading=\"lazy\" decoding=\"async\" src=\"https:\/\/izzysboatcharter.com\/wp-content\/uploads\/2025\/04\/boat-izzys-algarve.png\" alt=\"boat izzys algarve\" itemprop=\"image\" height=\"930\" width=\"1920\" title=\"boat izzys algarve\" onerror=\"this.style.display='none'\"  \/>\n<h3>\n\t\tFicha T\u00e9cnica\n\t<\/h3>\n<h4>\n\t\t AXOPAR 37 SUN-TOP (ST)\n\t<\/h4>\n<h4>\n\t\tCUMPRIMENTO\n\t<\/h4>\n\t<p>12 metros<\/p>\n<h4>\n\t\tANO DE CONSTRU\u00c7\u00c3O\n\t<\/h4>\n\t<p>2022<\/p>\n<h4>\n\t\t CAPACIDADE\n\t<\/h4>\n\t<p>At\u00e9 8 pessoas<\/p>\n<h4>\n\t\tVelocidade M\u00e1xima\n\t<\/h4>\n\t<p>38 n\u00f3s<\/p>\n<h4>\n\t\t Cabine\n\t<\/h4>\n\t<p>Sombra + Casa de banho a bordo.<\/p>\n<h2>\n\t\tMOMENTOS INESQU\u00c9CIVEIS<br \/> A BORDO\n\t<\/h2>\n\t\t\t<a href=\"\" target=\"_self\">\n\t\t\t\t\t\t\tRESERVAR\n\t\t\t\t\t<\/a>\n\t\u00a9 2025<br \/>\nRNAAT 1321\/2023<br \/>\n<a href=\"https:\/\/www.livroreclamacoes.pt\/Inicio\/\">Livro de Reclama\u00e7\u00f5es<\/a><br \/>\n<a href=\"https:\/\/izzysboatcharter.com\/pt-pt\/politica-privacidade\/\">Pol\u00edtica de Privacidade<\/a><br \/>\n<a href=\"#\">Website by Izzy&#8217;s<\/a>\n\t\t\t\t<img loading=\"lazy\" decoding=\"async\" src=\"https:\/\/izzysboatcharter.com\/wp-content\/uploads\/2025\/04\/izzys-boat-tours-vilamoura-algarve.svg\" alt=\"izzys boat tours vilamoura algarve\" itemprop=\"image\" height=\"159\" width=\"538\" title=\"izzys boat tours vilamoura algarve\" onerror=\"this.style.display='none'\"  \/>\n\n","protected":false},"excerpt":{"rendered":"<p>Um Barco Moderno e Luxuoso. Com linhas elegantes e um perfil inconfund\u00edvel, esta embarca\u00e7\u00e3o de \u00faltima gera\u00e7\u00e3o destaca-se pelo seu teto solar estendido, que oferece sombra generosa sem comprometer a sensa\u00e7\u00e3o de liberdade ao ar livre &#8211; perfeita para dias de sol nas \u00e1guas do Algarve. O conv\u00e9s espa\u00e7oso e o layout inteligente permitem uma&hellip;<\/p>\n","protected":false},"author":1,"featured_media":0,"parent":0,"menu_order":0,"comment_status":"closed","ping_status":"closed","template":"","meta":{"_seopress_robots_primary_cat":"","_seopress_titles_title":"","_seopress_titles_desc":"","_seopress_robots_index":"","_joinchat":[],"footnotes":""},"class_list":["post-346","page","type-page","status-publish","hentry"],"_links":{"self":[{"href":"https:\/\/izzysboatcharter.com\/pt-pt\/wp-json\/wp\/v2\/pages\/346","targetHints":{"allow":["GET"]}}],"collection":[{"href":"https:\/\/izzysboatcharter.com\/pt-pt\/wp-json\/wp\/v2\/pages"}],"about":[{"href":"https:\/\/izzysboatcharter.com\/pt-pt\/wp-json\/wp\/v2\/types\/page"}],"author":[{"embeddable":true,"href":"https:\/\/izzysboatcharter.com\/pt-pt\/wp-json\/wp\/v2\/users\/1"}],"replies":[{"embeddable":true,"href":"https:\/\/izzysboatcharter.com\/pt-pt\/wp-json\/wp\/v2\/comments?post=346"}],"version-history":[{"count":3,"href":"https:\/\/izzysboatcharter.com\/pt-pt\/wp-json\/wp\/v2\/pages\/346\/revisions"}],"predecessor-version":[{"id":426,"href":"https:\/\/izzysboatcharter.com\/pt-pt\/wp-json\/wp\/v2\/pages\/346\/revisions\/426"}],"wp:attachment":[{"href":"https:\/\/izzysboatcharter.com\/pt-pt\/wp-json\/wp\/v2\/media?parent=346"}],"curies":[{"name":"wp","href":"https:\/\/api.w.org\/{rel}","templated":true}]}}