{"id":355,"date":"2025-04-07T01:04:20","date_gmt":"2025-04-07T00:04:20","guid":{"rendered":"https:\/\/izzysboatcharter.com\/?page_id=355"},"modified":"2025-05-09T11:46:43","modified_gmt":"2025-05-09T10:46:43","slug":"izzys-boat-charter-vilamoura-passeio-barco","status":"publish","type":"page","link":"https:\/\/izzysboatcharter.com\/pt-pt\/","title":{"rendered":"Izzy&#8217;s Boat Charter"},"content":{"rendered":"\r\n<h1>PASSEIOS DE BARCO IZZY&#8217;S<\/h1>\r\n<p>H\u00e1 20 anos que o nosso restaurante de praia serve n\u00e3o s\u00f3 comida, mas tamb\u00e9m mem\u00f3rias, risos, sabores do Algarve e in\u00fameros pores-do-sol sobre o oceano. Assim, continuando a nossa liga\u00e7\u00e3o ao mar, queremos convidar os nossos clientes a embarcar no nosso barco para uma experi\u00eancia de f\u00e9rias imperd\u00edvel, explorando a costa que nos inspira todos os dias.<\/p>\r\n<p>Rory O&#8217;shea<br \/>Izzys Beach Restaurant <a href=\"https:\/\/izzysboatcharter.com\/pt-pt\/vilamoura-passeios-de-barco-izzys\/\" target=\"_self\"> <img loading=\"lazy\" decoding=\"async\" title=\"Izzy' s Boat Luxury Algarve Boat Charter\" src=\"https:\/\/izzysboatcharter.com\/wp-content\/uploads\/2025\/04\/izzys_boat_luxury_algarve_boat_charter.jpg\" alt=\"Izzy' s Boat Luxury Algarve Boat Charter\" width=\"628\" height=\"622\" \/> <\/a><\/p>\r\n<h2><a title=\"MEIO  DIA\" href=\"https:\/\/izzysboatcharter.com\/pt-pt\/vilamoura-passeios-de-barco-izzys\/\" target=\"_self\"> MEIO <br \/>DIA <\/a><\/h2>\r\n<p><a href=\"https:\/\/izzysboatcharter.com\/pt-pt\/vilamoura-passeios-de-barco-izzys\/\" target=\"_self\"> <img loading=\"lazy\" decoding=\"async\" title=\"izzys Boat Tours Half Day\" src=\"https:\/\/izzysboatcharter.com\/wp-content\/uploads\/2025\/04\/Tours_Half-day.jpg\" alt=\"izzys Boat Tours Half Day\" width=\"628\" height=\"622\" \/> <\/a><\/p>\r\n<h2><a title=\"DIA INTEIRO\" href=\"https:\/\/izzysboatcharter.com\/pt-pt\/vilamoura-passeios-de-barco-izzys\/\" target=\"_self\"> DIA<br \/>INTEIRO <\/a><\/h2>\r\n<p><a href=\"https:\/\/izzysboatcharter.com\/pt-pt\/vilamoura-passeios-de-barco-izzys\/\" target=\"_self\"> <img loading=\"lazy\" decoding=\"async\" title=\"Sunset Algarve Boat Tours\" src=\"https:\/\/izzysboatcharter.com\/wp-content\/uploads\/2025\/04\/Tours_Sunset-1.jpg\" alt=\"Sunset Algarve Boat Tours\" width=\"628\" height=\"622\" \/> <\/a><\/p>\r\n<h2><a title=\"P\u00d4R DO SOL\" href=\"https:\/\/izzysboatcharter.com\/pt-pt\/vilamoura-passeios-de-barco-izzys\/\" target=\"_self\"> P\u00d4R DO<br \/>SOL <\/a><\/h2>\r\n<h3>CAPACIDADE AT\u00c9 8 PESSOAS<\/h3>\r\n<h2>Se procura passeios de barco feitos \u00e0 sua medida, entre em contacto connosco! Estamos prontos para criar uma experi\u00eancia \u00fanica e inesquec\u00edvel para si.<\/h2>\r\n<p><a href=\"https:\/\/izzysboatcharter.com\/pt-pt\/vilamoura-passeios-de-barco-izzys\/\" target=\"_self\"> VEJA OS PASSEIOS DE BARCO <\/a><\/p>\r\n<p>Explore os passeios de barco privados em Izzy&#8217;s e descubra a beleza \u00fanica da costa algarvia. Navegue por fal\u00e9sias deslumbrantes, explore grutas escondidas, como a famosa Gruta de Benagil, e ancore em praias paradis\u00edacas, incluindo a Praia da Marinha e a Praia de S\u00e3o Rafael. Ideal para quem procura tranquilidade ou aventura, os nossos passeios oferecem conforto, exclusividade e momentos inesquec\u00edveis no mar. Viva uma experi\u00eancia extraordin\u00e1ria na regi\u00e3o costeira mais encantadora de Portugal!&#8221;<\/p>\r\n<h2>MOMENTOS<br \/>INESQUEC\u00cdVEIS<\/h2>\r\n<p><strong>KAYAK<\/strong><br \/>GRUTAS SECRETAS <b>PRANCHA DE PADEL<\/b><br \/>AGUAS TRANSPARENTES <strong>MERGULHE<\/strong><br \/>EXPLORE O FUNDO DO MAR MERGULHE COM OS PEIXES<br \/><strong>SCOOTER DEBAIXO \u00c1GUA<\/strong> <img loading=\"lazy\" decoding=\"async\" title=\"Izzy's  Beach Restaurant\" src=\"https:\/\/izzysboatcharter.com\/wp-content\/uploads\/2025\/04\/izzys-restaurant.svg\" alt=\"Izzy's Beach Restaurant\" width=\"231\" height=\"129\" \/><\/p>\r\n<h2>VENHA AO IZZY&#8217;S <br \/>ALMO\u00c7AR, JANTAR OU BEBER UM COCKTAIL <br \/>NA NOSSA ESPLANADA<\/h2>\r\n<p>O Izzy&#8217;s Beach Restaurant \u00e9 famoso pela sua combina\u00e7\u00e3o \u00fanica de ambiente descontra\u00eddo, excelente comida e servi\u00e7o simp\u00e1tico.<br \/>Localizado na praia do Garr\u00e3o, com vistas panor\u00e2micas deslumbrantes sobre o oceano Atl\u00e2ntico, a nossa equipa ir\u00e1 garantir uma experi\u00eancia perfeita \u00e0 medida do local.<br \/>H\u00e1 m\u00fasica ao vivo nas tardes de s\u00e1bado e domingo, fazendo deste um lugar m\u00e1gico para relaxar no fim de semana. Grandes grupos s\u00e3o bem-vindos.<\/p>\r\n<p>O restaurante Izzy&#8217;s Reach continua a aprofundar a sua liga\u00e7\u00e3o com o oceano. Agora, convidamo-lo a embarcar numa nova aventura a bordo do nosso pr\u00f3prio barco, onde a deslumbrante costa algarvia se transforma no seu parque de divers\u00f5es. Mergulhe numa experi\u00eancia de f\u00e9rias que une o encanto do mar com a excel\u00eancia do Izzy&#8217;s, garantindo que cada momento \u00e9 t\u00e3o extraordin\u00e1rio como o pr\u00f3prio cen\u00e1rio. N\u00e3o reserve apenas uma mesa: desfrute da experi\u00eancia completa do Izzy&#8217;s.<\/p>\r\n<p><a href=\"https:\/\/izzysbeachrestaurant.com\/pt\/\" target=\"_blank\" rel=\"noopener\"> Visite Izzy&#8217;s Beach Restaurant <\/a><\/p>\r\n<h2>IZZY&#8217;S BOAT CHARTER<\/h2>\r\n<h2>ALTA VELOCIDADE <br \/>E DIVERS\u00c3O NO BARCO IZZY&#8217;S<\/h2>\r\n<p>Prepare-se para uma experi\u00eancia extraordin\u00e1ria com os passeios de barco privados do Izzy&#8217;s. Navegue pelas \u00e1guas cristalinas e deslumbrantes Ilhas da Ria Formosa e deixe-se encantar pelas ic\u00f3nicas Grutas de Benagil. Para um toque ainda mais especial, abrace o romance de um passeio rom\u00e2ntico de barco ao p\u00f4r-do-sol.<\/p>\r\n<p>Descubra os nossos passeios de barco privados no algarve, com sa\u00edda de vilamoura\u00a0 e torne os seus sonhos realidade ao criar mem\u00f3rias eternas ao longo da m\u00e1gica costa algarvia!<\/p>\r\n<p><iframe loading=\"lazy\" id=\"videoIzzys\" src=\"https:\/\/drive.google.com\/file\/d\/1jDjhXojzLx8ocHSNv5Z10LGfAe-0ENUX\/preview\" width=\"640\" height=\"480\" allowfullscreen=\"allowfullscreen\"><\/iframe> \u00a9 2025<br \/>RNAAT 1321\/2023<br \/><a href=\"https:\/\/www.livroreclamacoes.pt\/Inicio\/\">Livro de Reclama\u00e7\u00f5es<\/a><br \/><a href=\"https:\/\/izzysboatcharter.com\/pt-pt\/politica-privacidade\/\">Pol\u00edtica de Privacidade<\/a><br \/><a href=\"#\">Website by Izzy&#8217;s<\/a> <img loading=\"lazy\" decoding=\"async\" title=\"izzys boat tours vilamoura algarve\" src=\"https:\/\/izzysboatcharter.com\/wp-content\/uploads\/2025\/04\/izzys-boat-tours-vilamoura-algarve.svg\" alt=\"izzys boat tours vilamoura algarve\" width=\"538\" height=\"159\" \/><\/p>\r\n","protected":false},"excerpt":{"rendered":"<p>PASSEIOS DE BARCO IZZY&#8217;S H\u00e1 20 anos que o nosso restaurante de praia serve n\u00e3o s\u00f3 comida, mas tamb\u00e9m mem\u00f3rias, risos, sabores do Algarve e in\u00fameros pores-do-sol sobre o oceano. Assim, continuando a nossa liga\u00e7\u00e3o ao mar, queremos convidar os nossos clientes a embarcar no nosso barco para uma experi\u00eancia de f\u00e9rias imperd\u00edvel, explorando a&hellip;<\/p>\n","protected":false},"author":1,"featured_media":0,"parent":0,"menu_order":0,"comment_status":"closed","ping_status":"closed","template":"","meta":{"_seopress_robots_primary_cat":"","_seopress_titles_title":"Izzy's Boat Charter - Vilamoura Passeios de Barco","_seopress_titles_desc":"Vilamoura Passeios de Barco izzy's descubra a deslumbrante beleza do Algarve com a Izzy\u2019s Boat Charter \u2014 a sua escolha de excel\u00eancia para passeios e charter de barco inesquec\u00edveis em Vilamoura, Albufeira e muito mais. Quer deseje maravilhar-se com as mundialmente famosas Grutas de Benagil, navegar ao longo de fal\u00e9sias imponentes e enseadas secretas, ou viver a emo\u00e7\u00e3o das atividades a bordo, oferecemos uma experi\u00eancia verdadeiramente \u00fanica e memor\u00e1vel.","_seopress_robots_index":"","_joinchat":[],"footnotes":""},"class_list":["post-355","page","type-page","status-publish","hentry"],"_links":{"self":[{"href":"https:\/\/izzysboatcharter.com\/pt-pt\/wp-json\/wp\/v2\/pages\/355","targetHints":{"allow":["GET"]}}],"collection":[{"href":"https:\/\/izzysboatcharter.com\/pt-pt\/wp-json\/wp\/v2\/pages"}],"about":[{"href":"https:\/\/izzysboatcharter.com\/pt-pt\/wp-json\/wp\/v2\/types\/page"}],"author":[{"embeddable":true,"href":"https:\/\/izzysboatcharter.com\/pt-pt\/wp-json\/wp\/v2\/users\/1"}],"replies":[{"embeddable":true,"href":"https:\/\/izzysboatcharter.com\/pt-pt\/wp-json\/wp\/v2\/comments?post=355"}],"version-history":[{"count":14,"href":"https:\/\/izzysboatcharter.com\/pt-pt\/wp-json\/wp\/v2\/pages\/355\/revisions"}],"predecessor-version":[{"id":3970,"href":"https:\/\/izzysboatcharter.com\/pt-pt\/wp-json\/wp\/v2\/pages\/355\/revisions\/3970"}],"wp:attachment":[{"href":"https:\/\/izzysboatcharter.com\/pt-pt\/wp-json\/wp\/v2\/media?parent=355"}],"curies":[{"name":"wp","href":"https:\/\/api.w.org\/{rel}","templated":true}]}}