{"id":455,"date":"2025-04-07T09:12:21","date_gmt":"2025-04-07T08:12:21","guid":{"rendered":"https:\/\/izzysboatcharter.com\/thank-you\/"},"modified":"2025-04-10T04:05:22","modified_gmt":"2025-04-10T03:05:22","slug":"obrigado","status":"publish","type":"page","link":"https:\/\/izzysboatcharter.com\/pt-pt\/obrigado\/","title":{"rendered":"Obrigado"},"content":{"rendered":"\r\n<h2>Obrigado !<\/h2>\r\n<p>Responderemos prontamente para confirmar a sua reserva.<\/p>\r\n<p><strong>Aten\u00e7\u00e3o: A sua reserva s\u00f3 ser\u00e1 considerada confirmada ap\u00f3s valida\u00e7\u00e3o pela nossa equipa.<\/strong><\/p>\r\n<p>Caso tenha alguma d\u00favida sobre esta consulta, n\u00e3o hesite em contactar-nos.<br \/>Estamos aqui para ajudar e fornecer qualquer informa\u00e7\u00e3o adicional que possa precisar! <strong><br \/>Izzy&#8217;s Boat Charter<br \/><\/strong><strong>Phone<\/strong>: <a href=\"tel:00351926558274\">+351 926 558 274<\/a><br \/><strong>Email<\/strong>: <a href=\"mailto:Izzysboat@gmail.com\">Izzysboat@gmail.com<\/a><br \/><strong>Address<\/strong>: Vilamoura Marina, Algarve, Portugal <a href=\"https:\/\/izzysboatcharter.com\/pt-pt\/\" target=\"_self\"> BACK TO HOMEPAGE <\/a> \u00a9 2025<br \/>RNAAT 1321\/2023<br \/><a href=\"https:\/\/www.livroreclamacoes.pt\/Inicio\/\">Complaints Book<\/a><br \/><a href=\"https:\/\/izzysboatcharter.com\/pt-pt\/politica-privacidade\/\">Privacy Policy<\/a><br \/><a href=\"#\">Developed by<\/a> <img loading=\"lazy\" decoding=\"async\" title=\"izzys boat tours vilamoura algarve\" src=\"https:\/\/izzysboatcharter.com\/wp-content\/uploads\/2025\/04\/izzys-boat-tours-vilamoura-algarve.svg\" alt=\"izzys boat tours vilamoura algarve\" width=\"538\" height=\"159\" \/><\/p>\r\n","protected":false},"excerpt":{"rendered":"<p>Obrigado ! Responderemos prontamente para confirmar a sua reserva. Aten\u00e7\u00e3o: A sua reserva s\u00f3 ser\u00e1 considerada confirmada ap\u00f3s valida\u00e7\u00e3o pela nossa equipa. Caso tenha alguma d\u00favida sobre esta consulta, n\u00e3o hesite em contactar-nos.Estamos aqui para ajudar e fornecer qualquer informa\u00e7\u00e3o adicional que possa precisar! Izzy&#8217;s Boat CharterPhone: +351 926 558 274Email: Izzysboat@gmail.comAddress: Vilamoura Marina, Algarve,&hellip;<\/p>\n","protected":false},"author":1,"featured_media":0,"parent":0,"menu_order":0,"comment_status":"closed","ping_status":"open","template":"","meta":{"_seopress_robots_primary_cat":"","_seopress_titles_title":"","_seopress_titles_desc":"","_seopress_robots_index":"yes","_joinchat":[],"footnotes":""},"class_list":["post-455","page","type-page","status-publish","hentry"],"_links":{"self":[{"href":"https:\/\/izzysboatcharter.com\/pt-pt\/wp-json\/wp\/v2\/pages\/455","targetHints":{"allow":["GET"]}}],"collection":[{"href":"https:\/\/izzysboatcharter.com\/pt-pt\/wp-json\/wp\/v2\/pages"}],"about":[{"href":"https:\/\/izzysboatcharter.com\/pt-pt\/wp-json\/wp\/v2\/types\/page"}],"author":[{"embeddable":true,"href":"https:\/\/izzysboatcharter.com\/pt-pt\/wp-json\/wp\/v2\/users\/1"}],"replies":[{"embeddable":true,"href":"https:\/\/izzysboatcharter.com\/pt-pt\/wp-json\/wp\/v2\/comments?post=455"}],"version-history":[{"count":3,"href":"https:\/\/izzysboatcharter.com\/pt-pt\/wp-json\/wp\/v2\/pages\/455\/revisions"}],"predecessor-version":[{"id":459,"href":"https:\/\/izzysboatcharter.com\/pt-pt\/wp-json\/wp\/v2\/pages\/455\/revisions\/459"}],"wp:attachment":[{"href":"https:\/\/izzysboatcharter.com\/pt-pt\/wp-json\/wp\/v2\/media?parent=455"}],"curies":[{"name":"wp","href":"https:\/\/api.w.org\/{rel}","templated":true}]}}